{"id":533,"date":"2024-02-05T03:02:14","date_gmt":"2024-02-05T03:02:14","guid":{"rendered":"https:\/\/aztlanes.com\/?page_id=533"},"modified":"2024-02-08T05:30:42","modified_gmt":"2024-02-08T05:30:42","slug":"aviso-de-cookies","status":"publish","type":"page","link":"https:\/\/aztlanes.com\/mx\/aviso-de-cookies\/","title":{"rendered":"Aviso de Cookies"},"content":{"rendered":"\t\t<div data-elementor-type=\"wp-page\" data-elementor-id=\"533\" class=\"elementor elementor-533\" data-elementor-settings=\"{&quot;ha_cmc_init_switcher&quot;:&quot;no&quot;}\" data-elementor-post-type=\"page\">\n\t\t\t\t<section class=\"elementor-section elementor-top-section elementor-element elementor-element-13603e65 elementor-section-boxed elementor-section-height-default elementor-section-height-default\" data-id=\"13603e65\" data-element_type=\"section\" data-settings=\"{&quot;background_background&quot;:&quot;classic&quot;,&quot;_ha_eqh_enable&quot;:false}\">\n\t\t\t\t\t\t<div class=\"elementor-container elementor-column-gap-default\">\n\t\t\t\t\t<div class=\"elementor-column elementor-col-100 elementor-top-column elementor-element elementor-element-51b69a3f\" data-id=\"51b69a3f\" data-element_type=\"column\">\n\t\t\t<div class=\"elementor-widget-wrap elementor-element-populated\">\n\t\t\t\t\t\t<div class=\"elementor-element elementor-element-66e1a7d1 elementor-widget elementor-widget-heading\" data-id=\"66e1a7d1\" data-element_type=\"widget\" data-widget_type=\"heading.default\">\n\t\t\t\t<div class=\"elementor-widget-container\">\n\t\t\t\t\t<h1 class=\"elementor-heading-title elementor-size-default\">Aviso de Cookies<\/h1>\t\t\t\t<\/div>\n\t\t\t\t<\/div>\n\t\t\t\t\t<\/div>\n\t\t<\/div>\n\t\t\t\t\t<\/div>\n\t\t<\/section>\n\t\t\t\t<section class=\"elementor-section elementor-top-section elementor-element elementor-element-61158ed6 elementor-section-boxed elementor-section-height-default elementor-section-height-default\" data-id=\"61158ed6\" data-element_type=\"section\" data-settings=\"{&quot;_ha_eqh_enable&quot;:false}\">\n\t\t\t\t\t\t<div class=\"elementor-container elementor-column-gap-default\">\n\t\t\t\t\t<div class=\"elementor-column elementor-col-100 elementor-top-column elementor-element elementor-element-37a36777\" data-id=\"37a36777\" data-element_type=\"column\">\n\t\t\t<div class=\"elementor-widget-wrap elementor-element-populated\">\n\t\t\t\t\t\t<div class=\"elementor-element elementor-element-7cc99347 elementor-widget elementor-widget-text-editor\" data-id=\"7cc99347\" data-element_type=\"widget\" data-widget_type=\"text-editor.default\">\n\t\t\t\t<div class=\"elementor-widget-container\">\n\t\t\t\t\t\t\t\t\t<p><\/p>\n<p>Aspectos espec\u00edficos de privacidad en nuestro sitio web:<\/p>\n<p><\/p>\n<p><\/p>\n<p><strong>T<\/strong><b>ecnolog\u00edas de seguimiento digital<\/b><\/p>\n<p><\/p>\n<p><\/p>\n<p>En nuestro Sitio web utilizamos cookies, pixeles, web beacons, an\u00e1lisis m\u00f3vil e identificador de publicidad (en su conjunto, tecnolog\u00edas de seguimiento digital). Utilizamos tecnolog\u00edas de seguimiento digital para recopilar informaci\u00f3n personal (como cookies almacenadas en su navegador, el identificador de publicidad o la direcci\u00f3n IP de su dispositivo) cuando visita nuestro sitio web.<\/p>\n<p><\/p>\n<p><\/p>\n<p>Aztlanes utiliza estas tecnolog\u00edas de seguimiento digital para recopilar informaci\u00f3n personal sobre sus actividades en l\u00ednea. Esta informaci\u00f3n se utiliza para almacenar sus preferencias y configuraciones, analizar c\u00f3mo funcionan nuestros servicios, rastrear su interacci\u00f3n con los servicios, rastrear sus pedidos, as\u00ed como desarrollar inferencias sobre usted con fines de marketing, as\u00ed como entregar y personalizar publicidad basada en sus intereses. Tambi\u00e9n recopilamos informaci\u00f3n sobre los productos y servicios que busca en el sitio o en los que muestra inter\u00e9s, realizando un seguimiento de su actividad en el portal.<\/p>\n<p><strong>Az<\/strong><b>tlanes le da la opci\u00f3n de poder aceptar o rechazar el c\u00f3digo de rastreo.<\/b><\/p>\n<p><\/p>\n<p><\/p>\n<p>Las \u201ccookies\u201d (c\u00f3digo de rastreo) son peque\u00f1os archivos de datos que se almacenan en el disco duro de su equipo de c\u00f3mputo o del dispositivo de comunicaci\u00f3n electr\u00f3nica que usted utiliza cuando navega en nuestro Sitio. Estos archivos de datos permiten intercambiar informaci\u00f3n de estado entre nuestro Sitio web y el navegador que usted utiliza. La &#8220;informaci\u00f3n de estado&#8221; puede revelar medios de identificaci\u00f3n de sesi\u00f3n, medios de autenticaci\u00f3n o sus preferencias como usuario, as\u00ed como cualquier otro dato almacenado por el navegador respecto del Sitio web.<\/p>\n<p><\/p>\n<p><\/p>\n<p>Las cookies nos permiten monitorear el comportamiento de un usuario en l\u00ednea. Utilizamos la informaci\u00f3n que es obtenida a trav\u00e9s de cookies para ayudarnos a optimizar su experiencia de compra. A trav\u00e9s del uso de cookies podemos, por ejemplo, personalizar en su favor nuestra p\u00e1gina de inicio de manera que nuestras pantallas se desplieguen de mejor manera de acuerdo a su tipo de navegador. Las cookies tambi\u00e9n nos permiten ofrecerle recomendaciones personalizadas respecto de productos, y correos electr\u00f3nicos.<\/p>\n<p><\/p>\n<p><\/p>\n<p>Las cookies no son software esp\u00eda, y Aztlanes no recopila datos de m\u00faltiples sitios o comparte con terceros la informaci\u00f3n que obtenemos a trav\u00e9s de cookies.<\/p>\n<p><\/p>\n<p><\/p>\n<p>Como la mayor\u00eda de los sitios web, nuestros servidores registran su direcci\u00f3n IP, la direcci\u00f3n URL desde la que accedi\u00f3 a nuestro Sitio web, el tipo de navegador, y la fecha y hora de sus compras y otras actividades. Utilizamos esta informaci\u00f3n para la administraci\u00f3n del sistema, soluci\u00f3n de problemas t\u00e9cnicos, investigaci\u00f3n de fraudes y para nuestras comunicaciones con usted.<\/p>\n<p><\/p>\n<p><\/p>\n<p>Por \u00faltimo, le informamos que el Sitio web utiliza web beacons. Los web beacons tambi\u00e9n nos permiten monitorear su comportamiento en medios electr\u00f3nicos. Utilizamos web beacons para determinar cu\u00e1ndo y cu\u00e1ntas veces una p\u00e1gina ha sido vista. Utilizamos esta informaci\u00f3n para fines de mercadotecnia, pero \u00fanicamente para nuestras propias pr\u00e1cticas de mercadotecnia.<\/p>\n<p><\/p>\n<p><\/p>\n<p>Su navegador aceptar\u00e1 las cookies y permitir\u00e1 la recolecci\u00f3n autom\u00e1tica de informaci\u00f3n a menos que usted cambie la configuraci\u00f3n predeterminada del navegador. La mayor\u00eda de navegadores web permiten que usted pueda gestionar sus preferencias de cookies.<\/p>\n<p><\/p>\n<p><\/p>\n<p>En cualquier momento, puede ajustar su navegador para que acepte o rechace las \u201ccookies\u201d (c\u00f3digo de rastreo). En caso de rechazo, se dejar\u00e1 de realizar un seguimiento de su actividad en el portal. Los siguientes links muestran como ajustar la configuraci\u00f3n del navegador de los navegadores que son utilizados con m\u00e1s frecuencia:<\/p>\n<p><\/p>\n<p><\/p>\n<ul class=\"wp-block-list\">\n<li style=\"list-style-type: none;\">\n<ul><\/ul>\n<\/li>\n<\/ul>\n<ul>\n<li style=\"list-style-type: none;\">\n<ul>\n<li>Chrome<\/li>\n<\/ul>\n<\/li>\n<\/ul>\n<p><\/p>\n<p><\/p>\n<ul>\n<li style=\"list-style-type: none;\">\n<ul>\n<li>Safari<\/li>\n<\/ul>\n<\/li>\n<\/ul>\n<p><\/p>\n<p><\/p>\n<ul>\n<li style=\"list-style-type: none;\">\n<ul>\n<li>Firefox<\/li>\n<\/ul>\n<\/li>\n<\/ul>\n<p><\/p>\n<p><\/p>\n<ul>\n<li style=\"list-style-type: none;\">\n<ul>\n<li>Microsoft Edge<\/li>\n<\/ul>\n<\/li>\n<\/ul>\n<p><\/p>\n<p><\/p>\n<ul>\n<li style=\"list-style-type: none;\">\n<ul>\n<li>Internet Explorer<\/li>\n<\/ul>\n<\/li>\n<\/ul>\n<p><\/p>\n<p><\/p>\n<p><\/p>\n<p>Si se inhabilitan las cookies del Sitio web, nuestro Sitio no se cargar\u00e1 apropiadamente.<\/p>\n<p><b>Categor\u00edas de Cookies \u00bfPor qu\u00e9 utilizamos estas cookies?<\/b><\/p>\n<p><\/p>\n<p><\/p>\n<p><b>T\u00e9cnicas: <\/b>Son cookies necesarias para el funcionamiento de un sitio web. Incluyen, por ejemplo, cookies que le permiten iniciar sesi\u00f3n en \u00e1reas seguras de un sitio web o comprar bienes por Internet.<\/p>\n<p><b>Preferencias:&nbsp;<\/b>Estas cookies permiten al usuario acceder al sitio web con determinadas funcionalidades generales predefinidas en el terminal del usuario de acuerdo con una serie de criterios (p. ej., idioma, tipo de navegador, ajustes geogr\u00e1ficos). Se utilizan para reconocer a un usuario cuando regresa a un sitio web. Estas cookies nos permiten personalizar el contenido para un usuario y recordar sus preferencias.<\/p>\n<p><\/p>\n<p><\/p>\n<p><b>Seguridad:&nbsp;<\/b>Utilizamos estas cookies para ayudar a identificar y prevenir riesgos para la seguridad.<br>Rendimiento Utilizamos estas cookies para recoger informaci\u00f3n sobre c\u00f3mo interact\u00faa con nuestro sitio web y para ayudarnos a mejorarlo. Por ejemplo, podemos utilizar estas cookies para determinar si usted ha interactuado con una determinada p\u00e1gina web.<\/p>\n<p><\/p>\n<p><\/p>\n<p><b>An\u00e1lisis:&nbsp;<\/b>Estas cookies nos permiten entender mejor c\u00f3mo interact\u00faan nuestros usuarios con nuestro sitio web. Nos permiten reconocer y contar el n\u00famero de visitas y saber c\u00f3mo navegan en un sitio web cuando lo utilizan. Estas cookies nos ayudan a mejorar el modo en que funciona un sitio web, por ejemplo, garantizando que los usuarios encuentren lo que buscan f\u00e1cilmente. Podemos utilizar estas cookies para conocer m\u00e1s sobre qu\u00e9 funcionalidades son las m\u00e1s populares entre nuestros usuarios y d\u00f3nde necesitamos mejorar.<\/p>\n<p><\/p>\n<p><\/p>\n<p>Tambi\u00e9n utilizamos un pixel (c\u00f3digo de rastreo) de redes sociales que nos proporciona una herramienta de an\u00e1lisis para comprender la audiencia del sitio, as\u00ed como su comportamiento e interacci\u00f3n. Este pixel es de terceros y su configuraci\u00f3n est\u00e1 determinada por el contrato que acepta cada usuario al abrir una cuenta en las diferentes plataformas de redes sociales.<\/p>\n<p><\/p>\t\t\t\t\t\t\t\t<\/div>\n\t\t\t\t<\/div>\n\t\t\t\t\t<\/div>\n\t\t<\/div>\n\t\t\t\t\t<\/div>\n\t\t<\/section>\t\t<\/div>\n\t\t","protected":false},"excerpt":{"rendered":"<p>Aviso de Cookies Aspectos espec\u00edficos de privacidad en nuestro sitio web: Tecnolog\u00edas de seguimiento digital En nuestro Sitio web utilizamos cookies, pixeles, web beacons, an\u00e1lisis m\u00f3vil e identificador de publicidad (en su conjunto, tecnolog\u00edas de seguimiento digital). Utilizamos tecnolog\u00edas de seguimiento digital para recopilar informaci\u00f3n personal (como cookies almacenadas en su navegador, el identificador de [&hellip;]<\/p>\n","protected":false},"author":1,"featured_media":0,"parent":0,"menu_order":0,"comment_status":"closed","ping_status":"closed","template":"","meta":{"footnotes":""},"class_list":["post-533","page","type-page","status-publish","hentry"],"_links":{"self":[{"href":"https:\/\/aztlanes.com\/mx\/wp-json\/wp\/v2\/pages\/533","targetHints":{"allow":["GET"]}}],"collection":[{"href":"https:\/\/aztlanes.com\/mx\/wp-json\/wp\/v2\/pages"}],"about":[{"href":"https:\/\/aztlanes.com\/mx\/wp-json\/wp\/v2\/types\/page"}],"author":[{"embeddable":true,"href":"https:\/\/aztlanes.com\/mx\/wp-json\/wp\/v2\/users\/1"}],"replies":[{"embeddable":true,"href":"https:\/\/aztlanes.com\/mx\/wp-json\/wp\/v2\/comments?post=533"}],"version-history":[{"count":5,"href":"https:\/\/aztlanes.com\/mx\/wp-json\/wp\/v2\/pages\/533\/revisions"}],"predecessor-version":[{"id":612,"href":"https:\/\/aztlanes.com\/mx\/wp-json\/wp\/v2\/pages\/533\/revisions\/612"}],"wp:attachment":[{"href":"https:\/\/aztlanes.com\/mx\/wp-json\/wp\/v2\/media?parent=533"}],"curies":[{"name":"wp","href":"https:\/\/api.w.org\/{rel}","templated":true}]}}