{"id":19,"date":"2024-02-04T22:45:21","date_gmt":"2024-02-04T22:45:21","guid":{"rendered":"https:\/\/aztlanes.com\/?page_id=19"},"modified":"2024-02-08T05:43:58","modified_gmt":"2024-02-08T05:43:58","slug":"politica-entrega-devoluciones-cancelaciones","status":"publish","type":"page","link":"https:\/\/aztlanes.com\/mx\/politica-entrega-devoluciones-cancelaciones\/","title":{"rendered":"P\u00f3litica de entrega, devoluciones y cancelaciones"},"content":{"rendered":"\t\t<div data-elementor-type=\"wp-page\" data-elementor-id=\"19\" class=\"elementor elementor-19\" data-elementor-settings=\"{&quot;ha_cmc_init_switcher&quot;:&quot;no&quot;}\" data-elementor-post-type=\"page\">\n\t\t\t\t<section class=\"elementor-section elementor-top-section elementor-element elementor-element-655bc550 elementor-section-boxed elementor-section-height-default elementor-section-height-default\" data-id=\"655bc550\" data-element_type=\"section\" data-settings=\"{&quot;background_background&quot;:&quot;classic&quot;,&quot;_ha_eqh_enable&quot;:false}\">\n\t\t\t\t\t\t<div class=\"elementor-container elementor-column-gap-default\">\n\t\t\t\t\t<div class=\"elementor-column elementor-col-100 elementor-top-column elementor-element elementor-element-668f43a1\" data-id=\"668f43a1\" data-element_type=\"column\">\n\t\t\t<div class=\"elementor-widget-wrap elementor-element-populated\">\n\t\t\t\t\t\t<div class=\"elementor-element elementor-element-431f7a7a elementor-widget elementor-widget-heading\" data-id=\"431f7a7a\" data-element_type=\"widget\" data-widget_type=\"heading.default\">\n\t\t\t\t<div class=\"elementor-widget-container\">\n\t\t\t\t\t<h1 class=\"elementor-heading-title elementor-size-default\">P\u00f3litica de entrega, devoluciones y cancelaciones<\/h1>\t\t\t\t<\/div>\n\t\t\t\t<\/div>\n\t\t\t\t\t<\/div>\n\t\t<\/div>\n\t\t\t\t\t<\/div>\n\t\t<\/section>\n\t\t\t\t<section class=\"elementor-section elementor-top-section elementor-element elementor-element-6a06de41 elementor-section-boxed elementor-section-height-default elementor-section-height-default\" data-id=\"6a06de41\" data-element_type=\"section\" data-settings=\"{&quot;_ha_eqh_enable&quot;:false}\">\n\t\t\t\t\t\t<div class=\"elementor-container elementor-column-gap-default\">\n\t\t\t\t\t<div class=\"elementor-column elementor-col-100 elementor-top-column elementor-element elementor-element-7141a0f\" data-id=\"7141a0f\" data-element_type=\"column\">\n\t\t\t<div class=\"elementor-widget-wrap elementor-element-populated\">\n\t\t\t\t\t\t<div class=\"elementor-element elementor-element-5bc6dae3 elementor-widget elementor-widget-text-editor\" data-id=\"5bc6dae3\" data-element_type=\"widget\" data-widget_type=\"text-editor.default\">\n\t\t\t\t<div class=\"elementor-widget-container\">\n\t\t\t\t\t\t\t\t\t<p><\/p>\n<p>Esta pol\u00edtica se aplica a los art\u00edculos adquiridos a trav\u00e9s de nuestra tienda en l\u00ednea: www.aztlanes.com<\/p>\n<p><\/p>\n<p><\/p>\n<p><strong>\u00bfCobra Aztlanes alg\u00fan cargo por la entrega de los art\u00edculos?<\/strong><br>S\u00ed, el cargo est\u00e1 incluido dependiendo cantidad y lugar de env\u00edo.<\/p>\n<p><\/p>\n<p><\/p>\n<p><strong>\u00bfCu\u00e1les son las modalidades que utiliza Aztlanes para la entrega de los art\u00edculos?<br><\/strong>La entrega de la mayor\u00eda de los art\u00edculos ser\u00e1n entregados por Tresguerras, Castores y Potosinos.. Por lo regular, el tiempo de entrega es de 3 d\u00edas h\u00e1biles contados a partir del d\u00eda en que recibe su confirmaci\u00f3n de compra. Los art\u00edculos son entregados de lunes a viernes. No se realizan entregas durante d\u00edas festivos.<\/p>\n<p><\/p>\n<p><\/p>\n<p>La mensajer\u00eda no es responsable de llevar los art\u00edculos a un piso superior o inferior a menos que se indique en la ficha que establece los &#8220;T\u00e9rminos de Entrega&#8221; de la p\u00e1gina del art\u00edculo. Por favor considere que el servicio de entrega no incluye el desempaque ni la instalaci\u00f3n, a menos que se indique en los &#8220;T\u00e9rminos de Entrega&#8221; del art\u00edculo.<\/p>\n<p><\/p>\n<p><\/p>\n<p>Antes de realizar un pedido, por favor planifique c\u00f3mo cargar\u00e1 los art\u00edculos al lugar deseado. Asimismo, revise si existen condiciones especiales de entrega para el art\u00edculo seleccionado. Las condiciones especiales de entrega se publicar\u00e1n en la ficha de &#8220;T\u00e9rminos de Entrega&#8221; localizada en la p\u00e1gina en la que se muestra el art\u00edculo.<\/p>\n<p><\/p>\n<p><\/p>\n<p>Los plazos de entrega pueden variar en caso de condiciones clim\u00e1ticas adversas y\/o tr\u00e1mites aduanales. La entrega requiere forzosamente firma del destinatario.<\/p>\n<p><\/p>\n<p><\/p>\n<p><strong>\u00bfC\u00f3mo puedo conocer el estatus de mi pedido?<\/strong><br>Para conocer el estatus que guarda su orden, ingrese a la secci\u00f3n &#8216;&#8221;Mi Cuenta&#8221; en el sitio www.aztlanes.com. En forma paralela, usted puede en todo momento monitorear la localizaci\u00f3n actual de su pedido haciendo clic en la liga electr\u00f3nica (link) que le fue proporcionada en el correo electr\u00f3nico de confirmaci\u00f3n de su pedido.<\/p>\n<p><\/p>\n<p><\/p>\n<p><strong>\u00bfPor qu\u00e9 mi pedido no ha llegado a tiempo?<\/strong><br>Puede ser por varias razones. Por ejemplo, por condiciones clim\u00e1ticas adversas o por la existencia de d\u00edas festivos, entre las principales causas. Por favor revise peri\u00f3dicamente su cuenta de correo a fin de verificar si le hemos enviado alguna notificaci\u00f3n especial explic\u00e1ndole la raz\u00f3n del retraso.<\/p>\n<p><\/p>\n<p><\/p>\n<p><strong>\u00bfQu\u00e9 pasa si mi art\u00edculo est\u00e1 da\u00f1ado?<\/strong><br>Nosotros recogeremos el art\u00edculo da\u00f1ado en la direcci\u00f3n de entrega que se nos proporcion\u00f3. Nosotros le reembolsaremos totalmente el precio del producto de conformidad con nuestras pol\u00edticas. Para hacer v\u00e1lida esta garant\u00eda, por favor examine detalladamente la mercanc\u00eda amparada por su pedido antes de firmar de recibido o tan pronto como le sea posible. Si usted se da cuenta que el art\u00edculo presenta alg\u00fan da\u00f1o, rechace la entrega y no firme de recibido.<\/p>\n<p><\/p>\n<p><\/p>\n<p><strong>\u00bfPor qu\u00e9 he recibido \u00fanicamente parte de mi pedido?<\/strong><br>Aunque usted haya adquirido varios art\u00edculos en una misma orden de compra es posible que reciba dichos art\u00edculos en entregas por separado. Por favor consulte la secci\u00f3n &#8220;Mi Cuenta'&#8221; en el sitio web www.aztlanes.com para revisar sus \u00f3rdenes de compra y la forma en que se est\u00e1 desarrollando su entrega.<\/p>\n<p><\/p>\n<p><\/p>\n<p><strong>\u00bfEn qu\u00e9 consiste la garant\u00eda de satisfacci\u00f3n al cliente de Aztlanes y la &#8220;Pol\u00edtica de Entrega, Devoluciones y Cancelaciones&#8221;?<\/strong><br>Para cualquier devoluci\u00f3n, el producto deber\u00e1 encontrarse en las mismas condiciones que al momento de su entrega y estar acompa\u00f1ado de todas sus partes, accesorios, manuales y en su empaque original.<\/p>\n<p><\/p>\n<p><\/p>\n<p>Para ayudarnos a brindarle un servicio m\u00e1s eficiente, cuando usted nos llame para solicitar una devoluci\u00f3n o un reemplazo de cualquier producto adquirido en nuestra tienda en l\u00ednea, por favor tenga a la mano la siguiente informaci\u00f3n:<\/p>\n<p><\/p>\n<p><\/p>\n<p><b>1.-&nbsp;<\/b>Direcci\u00f3n de correo electr\u00f3nico de la persona que realiz\u00f3 la compra<br><b>2.-&nbsp;<\/b>C\u00f3digo de distribuidor<br><b>3.-&nbsp;<\/b>Confirmaci\u00f3n de orden de compra y\/o n\u00famero de art\u00edculo<\/p>\n<p><\/p>\n<p><\/p>\n<p><strong>\u00bfEn qu\u00e9 momento debo esperar a recibir mi reembolso?<\/strong><br><strong>a) <\/strong>Devoluciones hechas en la sucursal, el reembolso ser\u00e1 a la misma forma de pago utilizada para generar la orden de compra sin excepci\u00f3n, apeg\u00e1ndonos en todo momento a lo que establece en la materia la Ley Federal para la Prevenci\u00f3n e Identificaci\u00f3n de Operaciones con Recursos de Procedencia Il\u00edcita.<\/p>\n<p><\/p>\t\t\t\t\t\t\t\t<\/div>\n\t\t\t\t<\/div>\n\t\t\t\t\t<\/div>\n\t\t<\/div>\n\t\t\t\t\t<\/div>\n\t\t<\/section>\t\t<\/div>\n\t\t","protected":false},"excerpt":{"rendered":"<p>P\u00f3litica de entrega, devoluciones y cancelaciones Esta pol\u00edtica se aplica a los art\u00edculos adquiridos a trav\u00e9s de nuestra tienda en l\u00ednea: www.aztlanes.com \u00bfCobra Aztlanes alg\u00fan cargo por la entrega de los art\u00edculos?S\u00ed, el cargo est\u00e1 incluido dependiendo cantidad y lugar de env\u00edo. \u00bfCu\u00e1les son las modalidades que utiliza Aztlanes para la entrega de los art\u00edculos?La [&hellip;]<\/p>\n","protected":false},"author":1,"featured_media":0,"parent":0,"menu_order":0,"comment_status":"closed","ping_status":"closed","template":"","meta":{"footnotes":""},"class_list":["post-19","page","type-page","status-publish","hentry"],"_links":{"self":[{"href":"https:\/\/aztlanes.com\/mx\/wp-json\/wp\/v2\/pages\/19","targetHints":{"allow":["GET"]}}],"collection":[{"href":"https:\/\/aztlanes.com\/mx\/wp-json\/wp\/v2\/pages"}],"about":[{"href":"https:\/\/aztlanes.com\/mx\/wp-json\/wp\/v2\/types\/page"}],"author":[{"embeddable":true,"href":"https:\/\/aztlanes.com\/mx\/wp-json\/wp\/v2\/users\/1"}],"replies":[{"embeddable":true,"href":"https:\/\/aztlanes.com\/mx\/wp-json\/wp\/v2\/comments?post=19"}],"version-history":[{"count":5,"href":"https:\/\/aztlanes.com\/mx\/wp-json\/wp\/v2\/pages\/19\/revisions"}],"predecessor-version":[{"id":624,"href":"https:\/\/aztlanes.com\/mx\/wp-json\/wp\/v2\/pages\/19\/revisions\/624"}],"wp:attachment":[{"href":"https:\/\/aztlanes.com\/mx\/wp-json\/wp\/v2\/media?parent=19"}],"curies":[{"name":"wp","href":"https:\/\/api.w.org\/{rel}","templated":true}]}}