{"id":533,"date":"2024-02-05T03:02:14","date_gmt":"2024-02-05T03:02:14","guid":{"rendered":"https:\/\/aztlanes.com\/?page_id=533"},"modified":"2024-02-13T01:18:48","modified_gmt":"2024-02-13T01:18:48","slug":"aviso-de-cookies","status":"publish","type":"page","link":"https:\/\/aztlanes.com\/br\/aviso-de-cookies\/","title":{"rendered":"Aviso de Cookies"},"content":{"rendered":"\t\t<div data-elementor-type=\"wp-page\" data-elementor-id=\"533\" class=\"elementor elementor-533\" data-elementor-post-type=\"page\">\n\t\t\t\t\t\t<section class=\"elementor-section elementor-top-section elementor-element elementor-element-13603e65 elementor-section-boxed elementor-section-height-default elementor-section-height-default\" data-id=\"13603e65\" data-element_type=\"section\" data-settings=\"{&quot;background_background&quot;:&quot;classic&quot;,&quot;_ha_eqh_enable&quot;:false}\">\n\t\t\t\t\t\t<div class=\"elementor-container elementor-column-gap-default\">\n\t\t\t\t\t<div class=\"elementor-column elementor-col-100 elementor-top-column elementor-element elementor-element-51b69a3f\" data-id=\"51b69a3f\" data-element_type=\"column\">\n\t\t\t<div class=\"elementor-widget-wrap elementor-element-populated\">\n\t\t\t\t\t\t<div class=\"elementor-element elementor-element-66e1a7d1 elementor-widget elementor-widget-heading\" data-id=\"66e1a7d1\" data-element_type=\"widget\" data-widget_type=\"heading.default\">\n\t\t\t\t<div class=\"elementor-widget-container\">\n\t\t\t<style>\/*! elementor - v3.19.0 - 07-02-2024 *\/\n.elementor-heading-title{padding:0;margin:0;line-height:1}.elementor-widget-heading .elementor-heading-title[class*=elementor-size-]>a{color:inherit;font-size:inherit;line-height:inherit}.elementor-widget-heading .elementor-heading-title.elementor-size-small{font-size:15px}.elementor-widget-heading .elementor-heading-title.elementor-size-medium{font-size:19px}.elementor-widget-heading .elementor-heading-title.elementor-size-large{font-size:29px}.elementor-widget-heading .elementor-heading-title.elementor-size-xl{font-size:39px}.elementor-widget-heading .elementor-heading-title.elementor-size-xxl{font-size:59px}<\/style><h1 class=\"elementor-heading-title elementor-size-default\">Aviso de Cookies<\/h1>\t\t<\/div>\n\t\t\t\t<\/div>\n\t\t\t\t\t<\/div>\n\t\t<\/div>\n\t\t\t\t\t<\/div>\n\t\t<\/section>\n\t\t\t\t<section class=\"elementor-section elementor-top-section elementor-element elementor-element-61158ed6 elementor-section-boxed elementor-section-height-default elementor-section-height-default\" data-id=\"61158ed6\" data-element_type=\"section\" data-settings=\"{&quot;_ha_eqh_enable&quot;:false}\">\n\t\t\t\t\t\t<div class=\"elementor-container elementor-column-gap-default\">\n\t\t\t\t\t<div class=\"elementor-column elementor-col-100 elementor-top-column elementor-element elementor-element-37a36777\" data-id=\"37a36777\" data-element_type=\"column\">\n\t\t\t<div class=\"elementor-widget-wrap elementor-element-populated\">\n\t\t\t\t\t\t<div class=\"elementor-element elementor-element-7cc99347 elementor-widget elementor-widget-text-editor\" data-id=\"7cc99347\" data-element_type=\"widget\" data-widget_type=\"text-editor.default\">\n\t\t\t\t<div class=\"elementor-widget-container\">\n\t\t\t<style>\/*! elementor - v3.19.0 - 07-02-2024 *\/\n.elementor-widget-text-editor.elementor-drop-cap-view-stacked .elementor-drop-cap{background-color:#69727d;color:#fff}.elementor-widget-text-editor.elementor-drop-cap-view-framed .elementor-drop-cap{color:#69727d;border:3px solid;background-color:transparent}.elementor-widget-text-editor:not(.elementor-drop-cap-view-default) .elementor-drop-cap{margin-top:8px}.elementor-widget-text-editor:not(.elementor-drop-cap-view-default) .elementor-drop-cap-letter{width:1em;height:1em}.elementor-widget-text-editor .elementor-drop-cap{float:left;text-align:center;line-height:1;font-size:50px}.elementor-widget-text-editor .elementor-drop-cap-letter{display:inline-block}<\/style>\t\t\t\t<p><!-- wp:paragraph --><\/p>\n<p>Aspectos espec\u00edficos de privacidade em nosso site:<\/p>\n<p>Tecnologias de rastreamento digital<\/p>\n<p>No nosso Site utilizamos cookies, pixels, web beacons, an\u00e1lises m\u00f3veis e identificadores de publicidade (em conjunto, tecnologias de rastreamento digital). Utilizamos tecnologias de rastreamento digital para coletar informa\u00e7\u00f5es pessoais (como cookies armazenados no seu navegador, o identificador de publicidade ou o endere\u00e7o IP do seu dispositivo) quando voc\u00ea visita nosso site.<\/p>\n<p>Aztlanes utiliza estas tecnologias de rastreamento digital para coletar informa\u00e7\u00f5es pessoais sobre suas atividades online. Essas informa\u00e7\u00f5es s\u00e3o usadas para armazenar suas prefer\u00eancias e configura\u00e7\u00f5es, analisar o desempenho de nossos servi\u00e7os, rastrear sua intera\u00e7\u00e3o com os servi\u00e7os, rastrear seus pedidos, bem como desenvolver infer\u00eancias sobre voc\u00ea para fins de marketing, bem como fornecer e personalizar publicidade com base em seus interesses. . Tamb\u00e9m recolhemos informa\u00e7\u00e3o sobre os produtos e servi\u00e7os que procura no site ou nos quais demonstra interesse, atrav\u00e9s do acompanhamento da sua atividade no portal.<\/p>\n<p>Aztlanes oferece a op\u00e7\u00e3o de aceitar ou rejeitar o c\u00f3digo de rastreamento.<\/p>\n<p>\u201cCookies\u201d (c\u00f3digo de rastreamento) s\u00e3o pequenos arquivos de dados que s\u00e3o armazenados no disco r\u00edgido do seu equipamento inform\u00e1tico ou dispositivo de comunica\u00e7\u00e3o eletr\u00f3nica que utiliza ao navegar no nosso Site. Esses arquivos de dados permitem a troca de informa\u00e7\u00f5es de status entre nosso site e o navegador que voc\u00ea usa. As \u201cinforma\u00e7\u00f5es de estado\u201d podem revelar meios de identifica\u00e7\u00e3o da sess\u00e3o, meios de autentica\u00e7\u00e3o ou as suas prefer\u00eancias de utilizador, bem como quaisquer outros dados armazenados pelo navegador relativos ao Site.<\/p>\n<p>Os cookies permitem-nos monitorizar o comportamento online de um utilizador. Utilizamos as informa\u00e7\u00f5es obtidas atrav\u00e9s de cookies para nos ajudar a otimizar sua experi\u00eancia de compra. Atrav\u00e9s do uso de cookies podemos, por exemplo, personalizar nossa p\u00e1gina inicial para voc\u00ea, para que nossas telas sejam exibidas da melhor forma de acordo com o seu tipo de navegador. Os cookies tamb\u00e9m nos permitem oferecer-lhe recomenda\u00e7\u00f5es de produtos e e-mails personalizados.<\/p>\n<p>Os cookies n\u00e3o s\u00e3o spyware e a Aztlanes n\u00e3o recolhe dados de m\u00faltiplos sites nem partilha com terceiros a informa\u00e7\u00e3o que obtemos atrav\u00e9s dos cookies.<\/p>\n<p>Como a maioria dos sites, nossos servidores registram seu endere\u00e7o IP, a URL a partir da qual voc\u00ea acessou nosso site, seu tipo de navegador e a data e hora de suas compras e outras atividades. Usamos essas informa\u00e7\u00f5es para administra\u00e7\u00e3o do sistema, solu\u00e7\u00e3o de problemas t\u00e9cnicos, investiga\u00e7\u00e3o de fraudes e para nossas comunica\u00e7\u00f5es com voc\u00ea.<\/p>\n<p>Por \u00faltimo, informamos que o Site utiliza web beacons. Os web beacons tamb\u00e9m nos permitem monitorar o seu comportamento em meios eletr\u00f4nicos. Usamos web beacons para determinar quando e quantas vezes uma p\u00e1gina foi visualizada. Usamos essas informa\u00e7\u00f5es para fins de marketing, mas apenas para nossas pr\u00f3prias pr\u00e1ticas de marketing.<\/p>\n<p>Seu navegador aceitar\u00e1 cookies e permitir\u00e1 a coleta autom\u00e1tica de informa\u00e7\u00f5es, a menos que voc\u00ea altere as configura\u00e7\u00f5es padr\u00e3o do navegador. A maioria dos navegadores permite que voc\u00ea gerencie suas prefer\u00eancias de cookies.<\/p>\n<p>A qualquer momento, voc\u00ea pode ajustar seu navegador para aceitar ou rejeitar \u201ccookies\u201d (c\u00f3digo de rastreamento). Em caso de rejei\u00e7\u00e3o, sua atividade no portal n\u00e3o ser\u00e1 mais rastreada. Os links a seguir mostram como ajustar as configura\u00e7\u00f5es dos navegadores usados \u200b\u200bcom mais frequ\u00eancia:<\/p>\n<p>cromada<br \/>Saf\u00e1ri<br \/>Raposa de fogo<br \/>Microsoft borda<br \/>Internet Explorer<br \/>Se os cookies do site estiverem desativados, nosso site n\u00e3o carregar\u00e1 corretamente.<\/p>\n<p>Categorias de cookies Por que usamos esses cookies?<\/p>\n<p>T\u00e9cnico: S\u00e3o cookies necess\u00e1rios para o funcionamento de um site. Incluem, por exemplo, cookies que permitem iniciar sess\u00e3o em \u00e1reas seguras de um site ou comprar produtos online.<\/p>\n<p>Prefer\u00eancias: Estes cookies permitem ao utilizador aceder ao site com determinadas funcionalidades gerais predefinidas no terminal do utilizador de acordo com uma s\u00e9rie de crit\u00e9rios (por exemplo, idioma, tipo de navegador, configura\u00e7\u00f5es geogr\u00e1ficas). Eles s\u00e3o usados \u200b\u200bpara reconhecer um usu\u00e1rio quando ele retorna a um site. Esses cookies nos permitem personalizar o conte\u00fado de um usu\u00e1rio e lembrar suas prefer\u00eancias.<\/p>\n<p>Seguran\u00e7a: Utilizamos estes cookies para ajudar a identificar e prevenir riscos de seguran\u00e7a.<br \/>Desempenho Usamos esses cookies para coletar informa\u00e7\u00f5es sobre como voc\u00ea interage com nosso site e para nos ajudar a melhor\u00e1-lo. Por exemplo, podemos utilizar estes cookies para determinar se voc\u00ea interagiu com uma p\u00e1gina web espec\u00edfica.<\/p>\n<p>An\u00e1lise: Estes cookies permitem-nos compreender melhor como o nosso<\/p>\n<p><!-- \/wp:paragraph --><\/p>\t\t\t\t\t\t<\/div>\n\t\t\t\t<\/div>\n\t\t\t\t\t<\/div>\n\t\t<\/div>\n\t\t\t\t\t<\/div>\n\t\t<\/section>\n\t\t\t\t<\/div>\n\t\t","protected":false},"excerpt":{"rendered":"<p>Aviso de Cookies Aspectos espec\u00edficos de privacidade em nosso site: Tecnologias de rastreamento digital No nosso Site utilizamos cookies, pixels, web beacons, an\u00e1lises m\u00f3veis e identificadores de publicidade (em conjunto, tecnologias de rastreamento digital). Utilizamos tecnologias de rastreamento digital para coletar informa\u00e7\u00f5es pessoais (como cookies armazenados no seu navegador, o identificador de publicidade ou o [&hellip;]<\/p>\n","protected":false},"author":1,"featured_media":0,"parent":0,"menu_order":0,"comment_status":"closed","ping_status":"closed","template":"","meta":{"footnotes":""},"class_list":["post-533","page","type-page","status-publish","hentry"],"_links":{"self":[{"href":"https:\/\/aztlanes.com\/br\/wp-json\/wp\/v2\/pages\/533","targetHints":{"allow":["GET"]}}],"collection":[{"href":"https:\/\/aztlanes.com\/br\/wp-json\/wp\/v2\/pages"}],"about":[{"href":"https:\/\/aztlanes.com\/br\/wp-json\/wp\/v2\/types\/page"}],"author":[{"embeddable":true,"href":"https:\/\/aztlanes.com\/br\/wp-json\/wp\/v2\/users\/1"}],"replies":[{"embeddable":true,"href":"https:\/\/aztlanes.com\/br\/wp-json\/wp\/v2\/comments?post=533"}],"version-history":[{"count":8,"href":"https:\/\/aztlanes.com\/br\/wp-json\/wp\/v2\/pages\/533\/revisions"}],"predecessor-version":[{"id":883,"href":"https:\/\/aztlanes.com\/br\/wp-json\/wp\/v2\/pages\/533\/revisions\/883"}],"wp:attachment":[{"href":"https:\/\/aztlanes.com\/br\/wp-json\/wp\/v2\/media?parent=533"}],"curies":[{"name":"wp","href":"https:\/\/api.w.org\/{rel}","templated":true}]}}