{"id":383,"date":"2024-02-02T19:38:28","date_gmt":"2024-02-02T19:38:28","guid":{"rendered":"https:\/\/aztlanes.com\/?page_id=383"},"modified":"2024-02-13T01:20:11","modified_gmt":"2024-02-13T01:20:11","slug":"termos-e-condicoes","status":"publish","type":"page","link":"https:\/\/aztlanes.com\/br\/termos-e-condicoes\/","title":{"rendered":"Termos e Condi\u00e7\u00f5es"},"content":{"rendered":"\t\t<div data-elementor-type=\"wp-page\" data-elementor-id=\"383\" class=\"elementor elementor-383\" data-elementor-post-type=\"page\">\n\t\t\t\t\t\t<section class=\"elementor-section elementor-top-section elementor-element elementor-element-54a75d3b elementor-section-boxed elementor-section-height-default elementor-section-height-default\" data-id=\"54a75d3b\" data-element_type=\"section\" data-settings=\"{&quot;background_background&quot;:&quot;classic&quot;,&quot;_ha_eqh_enable&quot;:false}\">\n\t\t\t\t\t\t<div class=\"elementor-container elementor-column-gap-default\">\n\t\t\t\t\t<div class=\"elementor-column elementor-col-100 elementor-top-column elementor-element elementor-element-60a9442c\" data-id=\"60a9442c\" data-element_type=\"column\">\n\t\t\t<div class=\"elementor-widget-wrap elementor-element-populated\">\n\t\t\t\t\t\t<div class=\"elementor-element elementor-element-69a94a5 elementor-widget elementor-widget-heading\" data-id=\"69a94a5\" data-element_type=\"widget\" data-widget_type=\"heading.default\">\n\t\t\t\t<div class=\"elementor-widget-container\">\n\t\t\t<style>\/*! elementor - v3.19.0 - 07-02-2024 *\/\n.elementor-heading-title{padding:0;margin:0;line-height:1}.elementor-widget-heading .elementor-heading-title[class*=elementor-size-]>a{color:inherit;font-size:inherit;line-height:inherit}.elementor-widget-heading .elementor-heading-title.elementor-size-small{font-size:15px}.elementor-widget-heading .elementor-heading-title.elementor-size-medium{font-size:19px}.elementor-widget-heading .elementor-heading-title.elementor-size-large{font-size:29px}.elementor-widget-heading .elementor-heading-title.elementor-size-xl{font-size:39px}.elementor-widget-heading .elementor-heading-title.elementor-size-xxl{font-size:59px}<\/style><h1 class=\"elementor-heading-title elementor-size-default\">Termos e Condi\u00e7\u00f5es<\/h1>\t\t<\/div>\n\t\t\t\t<\/div>\n\t\t\t\t\t<\/div>\n\t\t<\/div>\n\t\t\t\t\t<\/div>\n\t\t<\/section>\n\t\t\t\t<section class=\"elementor-section elementor-top-section elementor-element elementor-element-1670f9fc elementor-section-boxed elementor-section-height-default elementor-section-height-default\" data-id=\"1670f9fc\" data-element_type=\"section\" data-settings=\"{&quot;_ha_eqh_enable&quot;:false}\">\n\t\t\t\t\t\t<div class=\"elementor-container elementor-column-gap-default\">\n\t\t\t\t\t<div class=\"elementor-column elementor-col-100 elementor-top-column elementor-element elementor-element-5fba4169\" data-id=\"5fba4169\" data-element_type=\"column\">\n\t\t\t<div class=\"elementor-widget-wrap elementor-element-populated\">\n\t\t\t\t\t\t<div class=\"elementor-element elementor-element-5f643805 elementor-widget__width-initial elementor-widget elementor-widget-text-editor\" data-id=\"5f643805\" data-element_type=\"widget\" data-widget_type=\"text-editor.default\">\n\t\t\t\t<div class=\"elementor-widget-container\">\n\t\t\t<style>\/*! elementor - v3.19.0 - 07-02-2024 *\/\n.elementor-widget-text-editor.elementor-drop-cap-view-stacked .elementor-drop-cap{background-color:#69727d;color:#fff}.elementor-widget-text-editor.elementor-drop-cap-view-framed .elementor-drop-cap{color:#69727d;border:3px solid;background-color:transparent}.elementor-widget-text-editor:not(.elementor-drop-cap-view-default) .elementor-drop-cap{margin-top:8px}.elementor-widget-text-editor:not(.elementor-drop-cap-view-default) .elementor-drop-cap-letter{width:1em;height:1em}.elementor-widget-text-editor .elementor-drop-cap{float:left;text-align:center;line-height:1;font-size:50px}.elementor-widget-text-editor .elementor-drop-cap-letter{display:inline-block}<\/style>\t\t\t\t<p><!-- wp:paragraph --><\/p>\n<p>Estes Termos e Condi\u00e7\u00f5es (os \u201cTermos e Condi\u00e7\u00f5es\u201d) s\u00e3o aplic\u00e1veis \u200b\u200ba todas as pessoas que utilizam este site, localizado em www.aztlanes.com (o \u201cSite\u201d ou a \u201cLoja Online\u201d). Os presentes Termos e Condi\u00e7\u00f5es constituem as condi\u00e7\u00f5es gerais de contrata\u00e7\u00e3o e, juntamente com as Ordens de Compra, as correspondentes Confirma\u00e7\u00f5es de Compra e os demais Documentos Contratuais do Site, regem a rela\u00e7\u00e3o que existe entre a AZTLANES NUTRIENTES E A CAMPO S.P.R. DE R.L. e: (i) os Membros da Aztlanes que utilizam o Site e adquirem bens atrav\u00e9s de meios eletr\u00f3nicos e\/ou (ii) as pessoas que visitam o Site e consultam ou utilizam o seu conte\u00fado (os \u201cUtilizadores\u201d). Por favor leia esses termos e condi\u00e7\u00f5es cuidadosamente. Ao utilizar este Site, voc\u00ea declara que leu e compreendeu os Documentos Contratuais do Site e que concorda em ficar vinculado \u00e0s declara\u00e7\u00f5es e cl\u00e1usulas neles estabelecidas.<\/p>\n<p>\u00a0<\/p>\n<p>Fundo<br \/>Aztlanes desenvolveu a Loja Online para que qualquer cliente Aztlanes, localizado no M\u00e9xico ou no exterior, possa adquirir qualquer um dos itens inclu\u00eddos em nosso Cat\u00e1logo de Itens Online e solicitar que tais itens sejam entregues em qualquer endere\u00e7o localizado no M\u00e9xico. O uso deste Site \u00e9 regido pela legisla\u00e7\u00e3o dos Estados Unidos Mexicanos. Se voc\u00ea usar este site de outro pa\u00eds, estar\u00e1 usando nosso site por sua conta e risco e ser\u00e1 respons\u00e1vel pelo cumprimento das leis mexicanas e daquelas em vigor na jurisdi\u00e7\u00e3o em que voc\u00ea est\u00e1 localizado.<\/p>\n<p>\u00a0<\/p>\n<p>Declara\u00e7\u00f5es da Aztlanes M\u00e9xico<br \/>A Aztlanes M\u00e9xico declara: (i) que a Aztlanes M\u00e9xico \u00e9 uma sociedade comercial constitu\u00edda de acordo com as leis dos Estados Unidos Mexicanos; (ii) que a Aztlanes M\u00e9xico desenvolveu a sua Loja Online com o objetivo de que os clientes da Aztlanes possam adquirir por meios eletr\u00f4nicos as mercadorias apresentadas no Cat\u00e1logo de Artigos Online do nosso Site, nos termos por eles estabelecidos. as partes concordam no correspondente Pedido de Compra e Compra Confirma\u00e7\u00e3o.<br \/>Declara\u00e7\u00f5es de clientes Aztlanes<br \/>O cliente Aztlanes declara, por direito pr\u00f3prio: (i) ser pessoa singular, maior de 18 anos e ter plena capacidade jur\u00eddica para se vincular aos termos do presente contrato: (ii) ser cliente Aztlanes ; (iii) ter seu endere\u00e7o localizado, para os fins deste contrato, no endere\u00e7o que voc\u00ea forneceu \u00e0 Aztlanes M\u00e9xico em seu pedido de ades\u00e3o ou no registro de sua conta online; (iv) que deseja registar-se no Site para criar uma conta que esteja associada \u00e0 sua ades\u00e3o e que lhe permita comprar artigos na Loja Online; (v) que tem conhecimento de que todas as transa\u00e7\u00f5es que sejam realizadas no Site, por si ou por terceiros e que estejam associadas \u00e0 utiliza\u00e7\u00e3o das suas palavras-passe e\/ou da sua assinatura eletr\u00f3nica, ser\u00e3o imput\u00e1veis \u200b\u200bao cliente Aztlanes.<br \/>Al\u00e9m das afirma\u00e7\u00f5es anteriores, o cliente Aztlanes que obteve afilia\u00e7\u00e3o no programa de ades\u00e3o, afirma que: (a) tem rela\u00e7\u00e3o jur\u00eddica com o correspondente neg\u00f3cio ou empresa que tenha credenciado no momento da celebra\u00e7\u00e3o do seu Contrato de Afilia\u00e7\u00e3o.<\/p>\n<p>\u00a0<\/p>\n<p>Defini\u00e7\u00f5es<br \/>Os termos descritos abaixo ter\u00e3o o significado que lhes \u00e9 atribu\u00eddo; acima, quer sejam usados \u200b\u200b\u200b\u200bem mai\u00fasculas ou min\u00fasculas, no singular ou no plural, ou em forma abreviada.<br \/>\u201cCat\u00e1logo de Artigos Online\u201d ou \u201cCat\u00e1logo\u201d.- \u00c9 composto por todos os artigos do Cat\u00e1logo que n\u00e3o se encontram necessariamente dispon\u00edveis ou em stock no momento da realiza\u00e7\u00e3o de uma Encomenda; Da mesma forma, poder\u00e3o ser alterados, substitu\u00eddos ou descontinuados de tempos em tempos, a crit\u00e9rio da Aztlanes M\u00e9xico.<\/p>\n<p>\u201cConte\u00fado do Site\u201d.- Este termo inclui qualquer informa\u00e7\u00e3o ou material contido ou publicado no Site. Inclui, mas n\u00e3o est\u00e1 limitado a: marcas, designs, descri\u00e7\u00f5es de produtos, texto em linguagem HTML, gr\u00e1ficos, arquivos, fotografias ou imagens; Tamb\u00e9m inclui o c\u00f3digo, programas de computador, representa\u00e7\u00f5es de software, bancos de dados e quaisquer trabalhos derivados que o Site utiliza.<\/p>\n<p>\u201cConfirma\u00e7\u00e3o de Compra\u201d ou \u201cConfirma\u00e7\u00e3o de Pedido\u201d.- \u00c9 a mensagem de dados gerada pelo Site na qual a Aztlanes M\u00e9xico expressa sua aceita\u00e7\u00e3o em fornecer o Pedido de Compra proposto pelo cliente. A Confirma\u00e7\u00e3o de Compra confirma que a Aztlanes M\u00e9xico vendeu e o cliente Aztlanes comprou os itens correspondentes e indica o momento da compra. A mensagem inclui um n\u00famero de encomenda para que o cliente Aztlanes possa acompanhar a entrega da sua encomenda.<\/p>\n<p>\u201cDocumentos Contratuais do Site\u201d.- O termo inclui estes Termos e Condi\u00e7\u00f5es, o Aviso de Privacidade, a Pol\u00edtica de Entrega, Devolu\u00e7\u00f5es, Cancelamentos e, em<\/p>\n<p><!-- \/wp:paragraph --><\/p>\t\t\t\t\t\t<\/div>\n\t\t\t\t<\/div>\n\t\t\t\t\t<\/div>\n\t\t<\/div>\n\t\t\t\t\t<\/div>\n\t\t<\/section>\n\t\t\t\t<\/div>\n\t\t","protected":false},"excerpt":{"rendered":"<p>Termos e Condi\u00e7\u00f5es Estes Termos e Condi\u00e7\u00f5es (os \u201cTermos e Condi\u00e7\u00f5es\u201d) s\u00e3o aplic\u00e1veis \u200b\u200ba todas as pessoas que utilizam este site, localizado em www.aztlanes.com (o \u201cSite\u201d ou a \u201cLoja Online\u201d). Os presentes Termos e Condi\u00e7\u00f5es constituem as condi\u00e7\u00f5es gerais de contrata\u00e7\u00e3o e, juntamente com as Ordens de Compra, as correspondentes Confirma\u00e7\u00f5es de Compra e os [&hellip;]<\/p>\n","protected":false},"author":1,"featured_media":0,"parent":0,"menu_order":0,"comment_status":"closed","ping_status":"closed","template":"","meta":{"footnotes":""},"class_list":["post-383","page","type-page","status-publish","hentry"],"_links":{"self":[{"href":"https:\/\/aztlanes.com\/br\/wp-json\/wp\/v2\/pages\/383","targetHints":{"allow":["GET"]}}],"collection":[{"href":"https:\/\/aztlanes.com\/br\/wp-json\/wp\/v2\/pages"}],"about":[{"href":"https:\/\/aztlanes.com\/br\/wp-json\/wp\/v2\/types\/page"}],"author":[{"embeddable":true,"href":"https:\/\/aztlanes.com\/br\/wp-json\/wp\/v2\/users\/1"}],"replies":[{"embeddable":true,"href":"https:\/\/aztlanes.com\/br\/wp-json\/wp\/v2\/comments?post=383"}],"version-history":[{"count":13,"href":"https:\/\/aztlanes.com\/br\/wp-json\/wp\/v2\/pages\/383\/revisions"}],"predecessor-version":[{"id":886,"href":"https:\/\/aztlanes.com\/br\/wp-json\/wp\/v2\/pages\/383\/revisions\/886"}],"wp:attachment":[{"href":"https:\/\/aztlanes.com\/br\/wp-json\/wp\/v2\/media?parent=383"}],"curies":[{"name":"wp","href":"https:\/\/api.w.org\/{rel}","templated":true}]}}