{"id":3,"date":"2024-01-22T20:52:42","date_gmt":"2024-01-22T20:52:42","guid":{"rendered":"http:\/\/aztlanes.com\/?page_id=3"},"modified":"2024-02-13T01:15:37","modified_gmt":"2024-02-13T01:15:37","slug":"aviso-de-privacidade","status":"publish","type":"page","link":"https:\/\/aztlanes.com\/br\/aviso-de-privacidade\/","title":{"rendered":"Aviso de privacidade"},"content":{"rendered":"\t\t<div data-elementor-type=\"wp-page\" data-elementor-id=\"3\" class=\"elementor elementor-3\" data-elementor-post-type=\"page\">\n\t\t\t\t\t\t<section class=\"elementor-section elementor-top-section elementor-element elementor-element-1ca43738 elementor-section-boxed elementor-section-height-default elementor-section-height-default\" data-id=\"1ca43738\" data-element_type=\"section\" data-settings=\"{&quot;background_background&quot;:&quot;classic&quot;,&quot;_ha_eqh_enable&quot;:false}\">\n\t\t\t\t\t\t<div class=\"elementor-container elementor-column-gap-default\">\n\t\t\t\t\t<div class=\"elementor-column elementor-col-100 elementor-top-column elementor-element elementor-element-6c190129\" data-id=\"6c190129\" data-element_type=\"column\">\n\t\t\t<div class=\"elementor-widget-wrap elementor-element-populated\">\n\t\t\t\t\t\t<div class=\"elementor-element elementor-element-2686d594 elementor-widget elementor-widget-heading\" data-id=\"2686d594\" data-element_type=\"widget\" data-widget_type=\"heading.default\">\n\t\t\t\t<div class=\"elementor-widget-container\">\n\t\t\t<style>\/*! elementor - v3.19.0 - 07-02-2024 *\/\n.elementor-heading-title{padding:0;margin:0;line-height:1}.elementor-widget-heading .elementor-heading-title[class*=elementor-size-]>a{color:inherit;font-size:inherit;line-height:inherit}.elementor-widget-heading .elementor-heading-title.elementor-size-small{font-size:15px}.elementor-widget-heading .elementor-heading-title.elementor-size-medium{font-size:19px}.elementor-widget-heading .elementor-heading-title.elementor-size-large{font-size:29px}.elementor-widget-heading .elementor-heading-title.elementor-size-xl{font-size:39px}.elementor-widget-heading .elementor-heading-title.elementor-size-xxl{font-size:59px}<\/style><h1 class=\"elementor-heading-title elementor-size-default\">Aviso de privacidade<\/h1>\t\t<\/div>\n\t\t\t\t<\/div>\n\t\t\t\t\t<\/div>\n\t\t<\/div>\n\t\t\t\t\t<\/div>\n\t\t<\/section>\n\t\t\t\t<section class=\"elementor-section elementor-top-section elementor-element elementor-element-6449b83 elementor-section-boxed elementor-section-height-default elementor-section-height-default\" data-id=\"6449b83\" data-element_type=\"section\" data-settings=\"{&quot;_ha_eqh_enable&quot;:false}\">\n\t\t\t\t\t\t<div class=\"elementor-container elementor-column-gap-default\">\n\t\t\t\t\t<div class=\"elementor-column elementor-col-100 elementor-top-column elementor-element elementor-element-18551da5\" data-id=\"18551da5\" data-element_type=\"column\">\n\t\t\t<div class=\"elementor-widget-wrap elementor-element-populated\">\n\t\t\t\t\t\t<div class=\"elementor-element elementor-element-3aaea394 elementor-widget elementor-widget-text-editor\" data-id=\"3aaea394\" data-element_type=\"widget\" data-widget_type=\"text-editor.default\">\n\t\t\t\t<div class=\"elementor-widget-container\">\n\t\t\t<style>\/*! elementor - v3.19.0 - 07-02-2024 *\/\n.elementor-widget-text-editor.elementor-drop-cap-view-stacked .elementor-drop-cap{background-color:#69727d;color:#fff}.elementor-widget-text-editor.elementor-drop-cap-view-framed .elementor-drop-cap{color:#69727d;border:3px solid;background-color:transparent}.elementor-widget-text-editor:not(.elementor-drop-cap-view-default) .elementor-drop-cap{margin-top:8px}.elementor-widget-text-editor:not(.elementor-drop-cap-view-default) .elementor-drop-cap-letter{width:1em;height:1em}.elementor-widget-text-editor .elementor-drop-cap{float:left;text-align:center;line-height:1;font-size:50px}.elementor-widget-text-editor .elementor-drop-cap-letter{display:inline-block}<\/style>\t\t\t\t<p><!-- wp:paragraph --><\/p>\n<p>AZTLANES NUTRIENTES E CAMPO S.P.R. DE R.L. Rodovia Jer\u00e9cuaro Apaseo el Alto Km 1 int. B, Vila Estanzuela de Romero, mpio. de Jer\u00e9cuaro, Guanajuato, C.P. 38575,, Estado do M\u00e9xico \u00e9 respons\u00e1vel pelo processamento dos seus dados pessoais.<\/p>\n<p>O compromisso da Aztlanes com a sua privacidade<br \/>Na Aztlanes respeitamos o seu direito \u00e0 privacidade e \u00e0 prote\u00e7\u00e3o dos seus dados pessoais. N\u00e3o vendemos ou alugamos seus dados a terceiros. Apenas transferimos ou partilhamos os seus dados pessoais com terceiros nos termos estabelecidos neste Aviso de Privacidade. Estas comunica\u00e7\u00f5es s\u00e3o efetuadas apenas se tiver consentido nas mesmas ou quando o seu consentimento n\u00e3o seja exigido, nos termos da legisla\u00e7\u00e3o aplic\u00e1vel. Al\u00e9m disso, \u00e9 importante para n\u00f3s que voc\u00ea tenha a capacidade de tomar decis\u00f5es informadas sobre como utilizamos seus dados pessoais.<br \/>Este Aviso de Privacidade explica as pol\u00edticas e pr\u00e1ticas de privacidade regidas pela Aztlanes em rela\u00e7\u00e3o ao tratamento que fazemos dos seus dados pessoais (entendendo-se o tratamento como a obten\u00e7\u00e3o, utiliza\u00e7\u00e3o, divulga\u00e7\u00e3o e armazenamento dos referidos dados) e as medidas que tomamos para proteger os seus dados. Este Aviso \u00e9 direcionado a: (1) Nossos clientes, quando utilizam nosso site, localizado em www.aztlanes.com (o \u201cSite\u201d). Estes avisos de privacidade simplificados est\u00e3o vinculados a este Aviso de Privacidade e os referidos dados ser\u00e3o processados \u200b\u200bsob o termos estabelecidos neste Aviso de Privacidade.<\/p>\n<p>O que s\u00e3o dados pessoais?<br \/>Considera-se dado pessoal qualquer informa\u00e7\u00e3o relativa a uma pessoa singular, que a identifique ou que possa ser associada a uma pessoa identific\u00e1vel.<br \/>Que dados pessoais s\u00e3o obtidos pela Aztlanes?<br \/>Para os fins estabelecidos neste Aviso de Privacidade, poderemos obter os dados pessoais abaixo referidos:<br \/>para. Dados de identifica\u00e7\u00e3o: informa\u00e7\u00f5es que permitem diferenci\u00e1-lo dos demais indiv\u00edduos. Esses dados incluem: nome, cargo, assinatura manuscrita, assinatura eletr\u00f4nica, Cadastro Federal de Contribuintes (RFC); c\u00f3pia do documento com o qual voc\u00ea comprova sua identidade (Cr\u00e9dito de Eleitor com Foto ou outro tipo de documento);<br \/>b. Dados de contato: informa\u00e7\u00f5es que nos permitem manter contato com voc\u00ea. Estes dados incluem a sua morada, morada fiscal, morada para efeitos de entrega, email, telefone residencial ou outro telefone de contacto;<br \/>c. Dados patrimoniais ou financeiros: informa\u00e7\u00f5es relacionadas aos seus bens ou direitos. A Aztlanes pode obter as informa\u00e7\u00f5es do seu cart\u00e3o de cr\u00e9dito para completar a sua ades\u00e3o ou para renovar a sua ades\u00e3o; A Aztlanes conservar\u00e1 o n\u00famero do seu cart\u00e3o, a data de validade e o nome do titular apenas se tiver consentido que tais informa\u00e7\u00f5es sejam utilizadas no processo de renova\u00e7\u00e3o autom\u00e1tica da sua ades\u00e3o;<br \/>d. Registos eletr\u00f3nicos: esta informa\u00e7\u00e3o inclui informa\u00e7\u00e3o de compra (em armaz\u00e9ns ou na nossa loja online), endere\u00e7o IP com o qual acede ao Site, prefer\u00eancias do utilizador, tipo de navegador; atividade no local, registros de imagem e\/ou voz obtidos atrav\u00e9s de sistemas de videovigil\u00e2ncia nas ag\u00eancias, entre outros registros.<br \/>No \u00e2mbito dos nossos servi\u00e7os, as pessoas que tenham obtido a sua afilia\u00e7\u00e3o \u00e0 Aztlanes podem fornecer os dados pessoais acima referidos relativos ao seu c\u00f4njuge ou marido ou qualquer outra pessoa, para que a Aztlanes possa registar titulares de cart\u00e3o adicionais. Certifique-se de nos fornecer detalhes completos e precisos de tais terceiros.<br \/>Que dados pessoais sens\u00edveis s\u00e3o obtidos pela Aztlanes?<br \/>A Aztlanes pode obter determinados dados pessoais que s\u00e3o considerados sens\u00edveis nos termos da Lei Federal de Prote\u00e7\u00e3o de Dados Pessoais Mantidos por Pessoas Privadas (a &#8220;LFPDPPP&#8221;).<br \/>Obten\u00e7\u00e3o dos seus dados pessoais<br \/>A Aztlanes obt\u00e9m dados seus pessoalmente ou diretamente (por exemplo, atrav\u00e9s de e-mail, telefone ou atrav\u00e9s da sua intera\u00e7\u00e3o com o Site). Alguns exemplos s\u00e3o os seguintes: \u2022 Quando voc\u00ea se cadastra para acessar e utilizar o Site;<br \/>\u2022 Quando voc\u00ea se cadastra no Site para receber informa\u00e7\u00f5es e promo\u00e7\u00f5es;<br \/>\u2022 Quando voc\u00ea compra produtos ou servi\u00e7os atrav\u00e9s do Site;<br \/>\u2022 Quando nos contacta, qualquer que seja o motivo da sua comunica\u00e7\u00e3o, atrav\u00e9s do Site.<br \/>\u2022 Quando voc\u00ea participa de qualquer promo\u00e7\u00e3o ou pesquisa.<br \/>A Aztlanes poder\u00e1 obter automaticamente determinadas informa\u00e7\u00f5es quando voc\u00ea visitar o Site. Esta informa\u00e7\u00e3o inclui o endere\u00e7o IP associado ao seu equipamento inform\u00e1tico e ao sistema operativo que utiliza, a p\u00e1gina web a partir da qual esteve ligado ao nosso Site, a sua atividade no Site, a data e hora em que visitou a nossa loja online e as suas compras. Esta informa\u00e7\u00e3o pode ser obtida atrav\u00e9s da utiliza\u00e7\u00e3o de \u201cCookies\u201d e \u201cWeb Beacons\u201d. Para maiores informa\u00e7\u00f5es<\/p>\n<p><!-- \/wp:list-item --><\/p>\n<p><!-- \/wp:list --><\/p>\t\t\t\t\t\t<\/div>\n\t\t\t\t<\/div>\n\t\t\t\t\t<\/div>\n\t\t<\/div>\n\t\t\t\t\t<\/div>\n\t\t<\/section>\n\t\t\t\t<\/div>\n\t\t","protected":false},"excerpt":{"rendered":"<p>Aviso de privacidade AZTLANES NUTRIENTES E CAMPO S.P.R. DE R.L. Rodovia Jer\u00e9cuaro Apaseo el Alto Km 1 int. B, Vila Estanzuela de Romero, mpio. de Jer\u00e9cuaro, Guanajuato, C.P. 38575,, Estado do M\u00e9xico \u00e9 respons\u00e1vel pelo processamento dos seus dados pessoais. O compromisso da Aztlanes com a sua privacidadeNa Aztlanes respeitamos o seu direito \u00e0 privacidade [&hellip;]<\/p>\n","protected":false},"author":1,"featured_media":0,"parent":0,"menu_order":0,"comment_status":"closed","ping_status":"open","template":"","meta":{"footnotes":""},"class_list":["post-3","page","type-page","status-publish","hentry"],"_links":{"self":[{"href":"https:\/\/aztlanes.com\/br\/wp-json\/wp\/v2\/pages\/3","targetHints":{"allow":["GET"]}}],"collection":[{"href":"https:\/\/aztlanes.com\/br\/wp-json\/wp\/v2\/pages"}],"about":[{"href":"https:\/\/aztlanes.com\/br\/wp-json\/wp\/v2\/types\/page"}],"author":[{"embeddable":true,"href":"https:\/\/aztlanes.com\/br\/wp-json\/wp\/v2\/users\/1"}],"replies":[{"embeddable":true,"href":"https:\/\/aztlanes.com\/br\/wp-json\/wp\/v2\/comments?post=3"}],"version-history":[{"count":13,"href":"https:\/\/aztlanes.com\/br\/wp-json\/wp\/v2\/pages\/3\/revisions"}],"predecessor-version":[{"id":880,"href":"https:\/\/aztlanes.com\/br\/wp-json\/wp\/v2\/pages\/3\/revisions\/880"}],"wp:attachment":[{"href":"https:\/\/aztlanes.com\/br\/wp-json\/wp\/v2\/media?parent=3"}],"curies":[{"name":"wp","href":"https:\/\/api.w.org\/{rel}","templated":true}]}}